{"id":216,"date":"2015-12-04T16:24:11","date_gmt":"2015-12-04T15:24:11","guid":{"rendered":"http:\/\/fledermauszug-deutschland.de\/?page_id=216"},"modified":"2020-03-01T09:07:50","modified_gmt":"2020-03-01T08:07:50","slug":"termine","status":"publish","type":"page","link":"https:\/\/www.fledermauszug-deutschland.de\/index.php\/hauptmenue\/termine\/","title":{"rendered":"Termine"},"content":{"rendered":"<table border=\"1\" cellspacing=\"1\" cellpadding=\"1\">\n<tbody>\n<tr>\n<td align=\"center\" width=\"150\" height=\"20\"><strong>Datum<\/strong><\/td>\n<td align=\"center\" width=\"500\" height=\"20\"><strong>Veranstaltung <\/strong><\/td>\n<\/tr>\n<tr>\n<td style=\"text-align: center;\" align=\"center\" width=\"150\" height=\"20\">\u00a020.03. &#8211; 22.03.2020<\/td>\n<td style=\"text-align: left;\" align=\"center\" width=\"500\" height=\"20\"><!-- <meta name=\"NextGEN\" version=\"1.9.13\" \/> --> <!-- Anpassungen und Nachruestungen fuer Internet-Explorer 7 \/\/--> <!-- [if lte IE 7]>\n \t \t<link href=\"http:\/\/www.fledermaus-aksa.de\/wp-content\/themes\/aksa_1\/css\/ie\/styles_ie7.css\" rel=\"stylesheet\" type=\"text\/css\" \/>\n\t<![endif]--> <!-- [if IE]>\n\n\n\n<style type=\"text\/css\" media=\"screen\">\n #menu ul li {float: left; width: 100%;}<br \/><\/style>\n\n\n\n<![endif]--> <!-- [if lt IE 7]>\n\n\n\n<style type=\"text\/css\" media=\"screen\">\nbody {behavior: url(csshover.htc); font-size: 100%;}<br \/>#menu ul li a {height: 1%;}<br \/>}<br \/><\/style>\n\n\n\n<![endif]--><\/p>\n<div id=\"main\">\n<div id=\"contentbody\">\n<div id=\"content\">\n<div class=\"post-text\">\n<div id=\"main\">\n<div id=\"contentbody\">\n<div id=\"content\">\n<div class=\"post-text\">\n<p><strong>Fr\u00fchjahrstagung: \u201eFledermaus: Stadt-Land-Fluss\u201c<\/strong>, Biosph\u00e4renreservatsverwaltung Karstlandschaft S\u00fcdharz, Ro\u00dfla, LK Mansfeld-S\u00fcdharz, Organisation: B. Ohlendorf und Team Arbeitskreis Flederm\u00e4use Sachsen-Anhalt e.V., max. 100 Personen,<br \/>\nKontakt: bernd.ohlendorf@suedharz.mule.sachsen-anhalt.de, Anmeldung bis <strong>12.03.2020 <\/strong>an: anmeldung-akfsa@web.de<br \/>\n<a href=\"http:\/\/www.fledermaus-aksa.de\/wp-content\/uploads\/2017\/07\/20-Flederm\u00e4use-Stadt-Land-Fluss.pdf\" target=\"_blank\" rel=\"noopener noreferrer\">Programm<\/a> und <a href=\"http:\/\/www.fledermaus-aksa.de\/wp-content\/uploads\/2017\/07\/20_Anmeldeformular-Fr\u00fchjahrstagung.pdf\">Anmeldeformular<\/a><\/p>\n<\/div>\n<\/div>\n<\/div>\n<\/div>\n<\/div>\n<\/div>\n<\/div>\n<\/div>\n<\/td>\n<\/tr>\n<tr>\n<td style=\"text-align: center;\" align=\"center\" width=\"120\" height=\"20\">24.04. &#8211; 26.04.2020<\/td>\n<td style=\"text-align: left;\" align=\"center\" width=\"500\" height=\"20\"><strong><b>3. Rauhautfledermaus-, M\u00fcckenfledermaus und Gro\u00dfer Abendsegler-Camp Forchheim\/Bamberg (Bayern), <\/b><\/strong>Organisation: J. MOHR und Team Arbeitskreis Flederm\u00e4use Sachsen-Anhalt e.V., Kontakt: Johannes.Mohr@lra-fo.de oder berndohlendorf@web.de Anmeldung bis 12.04.2020: anmeldung-akfsa@web.de<\/td>\n<\/tr>\n<tr>\n<td align=\"center\" width=\"120\" height=\"20\">15.03. &#8211; 14.06.2020<\/td>\n<td style=\"text-align: left;\" align=\"center\" width=\"400\" height=\"20\"><strong>Monitoring Fr\u00fchjahrszug Rauhautfledermaus, Kleinabendsegler &amp; Zweifarbfledermaus in Deutschland<br \/>\n<\/strong>Netzf\u00e4nge und Markierungen migrierender Rauhautflederm\u00e4use in Sachsen-Anhalt (Fr\u00fchjahrszug), Organisation: K. Kuhring und B. Ohlendorf, Kontakt: kathleenkuhring@yahoo.de<\/td>\n<\/tr>\n<tr>\n<td align=\"center\" width=\"120\" height=\"20\">29.05. &#8211; 31.05.2020<\/td>\n<td style=\"text-align: left;\" align=\"center\" width=\"400\" height=\"20\"><strong>12. Teichfledermaus-Camp Schwedt\/Oder<br \/>\n(Brandenburg), <a href=\"https:\/\/www.bing.com\/search?q=seeportclub%20schwedt%2FO&amp;pc=cosp&amp;ptag=A9C7EDF55B3&amp;form=CONMHP&amp;conlogo=CT3210127\" target=\"_blank\" rel=\"noopener noreferrer\">Seesportclub Schwedt\/O e.V.<\/a>,\u00a0 <\/strong>Organisation: J. Horn und Team Arbeitskreis Flederm\u00e4use Sachsen-Anhalt e.V., Kontakt: Joern.Horn@gmx.net, max. 20 Personen, \u00dcbernachtung in Bungalows (18 Betten), Zeltplatz und Stellpl\u00e4tze f\u00fcr Wohnwagen vorhanden, Anmeldung bis 31.03.2020 an: Joern.Horn@gmx.net<\/td>\n<\/tr>\n<tr>\n<td align=\"center\" width=\"120\" height=\"20\">03.07. &#8211; 05.07.2020<\/td>\n<td style=\"text-align: left;\" align=\"center\" width=\"400\" height=\"20\"><strong><b>26 &#8211; 30 kHz \u2013 Camp (Nordfledermaus, Zweifarbfledermaus, Kleinabendsegler und Breitfl\u00fcgelfledermaus), <\/b><\/strong>Bioakustik, Netzfang, Markierung und Telemetrie in Allrode, LK Harz, Unterbringung erfolgt in Zelten oder im Hotel <a title=\"Harz Resort Waldesruh\" href=\"http:\/\/www.harz-resort-hotel.de\/\" target=\"_blank\" rel=\"noopener noreferrer\">Harz Resort Waldesruh<\/a>,\u00a0 Organisation: B. Ohlendorf und K. Kuhring, Kontakt: berndohlendorf@web.de, Anmeldung: anmeldung-akfsa@web.de, max. 20 Personen, Anmeldung bis <strong>28.06.2020 <\/strong><span style=\"color: #ff6600;\">+++ausgebucht+++<\/span><\/td>\n<\/tr>\n<tr>\n<td align=\"center\" width=\"120\" height=\"20\">16.08. &#8211; 11.10.2020<\/td>\n<td style=\"text-align: left;\" align=\"center\" width=\"400\" height=\"20\"><strong>Monitoring Herbstzug Rauhautfledermaus, Kleinabendsegler &amp; Zweifarbfledermaus in Deutschland<br \/>\n<\/strong>Netzf\u00e4nge und Markierungen migrierender Rauhautflederm\u00e4use in Sachsen-Anhalt (Herbstzug), Organisation: K. Kuhring und B. Ohlendorf, Kontakt: kathleenkuhring@yahoo.de<\/td>\n<\/tr>\n<tr>\n<td align=\"center\" width=\"120\" height=\"20\">04.09. &#8211; 06.09.2020<\/td>\n<td style=\"text-align: left;\" align=\"center\" width=\"400\" height=\"20\"><strong><b>3. Rauhautfledermaus-Camp H\u00f6xter<\/b> (Nordrhein-Westfalen), <\/strong>Organisation: B. Gereke,<br \/>\nKontakt: benjamingereke@yahoo.de<\/td>\n<\/tr>\n<tr>\n<td align=\"center\" width=\"120\" height=\"20\"><\/td>\n<td style=\"text-align: left;\" align=\"center\" width=\"400\" height=\"20\"><\/td>\n<\/tr>\n<tr>\n<td align=\"center\" width=\"120\" height=\"20\"><\/td>\n<td style=\"text-align: left;\" align=\"center\" width=\"400\" height=\"20\"><\/td>\n<\/tr>\n<tr>\n<td align=\"center\" width=\"120\" height=\"20\"><\/td>\n<td align=\"center\" width=\"400\" height=\"20\"><strong>\u00a0<\/strong><\/td>\n<\/tr>\n<tr>\n<td align=\"center\" width=\"120\" height=\"20\"><\/td>\n<td align=\"center\" width=\"400\" height=\"20\"><strong> <a href=\"http:\/\/www.fledermaus-aksa.de\/wp-content\/uploads\/2017\/07\/20-Veranstaltungen-AKSA-20203.pdf\" target=\"_blank\" rel=\"noopener noreferrer\">Hier<\/a> kann das vollst\u00e4ndige Programm vom Arbeitskreis Flederm\u00e4use Sachsen-Anhalt e.V. abgerufen werden!<\/strong><\/td>\n<\/tr>\n<tr>\n<td align=\"center\" width=\"120\" height=\"20\"><\/td>\n<td style=\"text-align: center;\" align=\"center\" width=\"400\" height=\"20\">\u00a0oder unter: <a href=\"http:\/\/www.fledermaus-aksa.de\/2018-2\/\" target=\"_blank\" rel=\"noopener noreferrer\">www.fledermaus-aksa.de<\/a><\/td>\n<\/tr>\n<tr>\n<td align=\"center\" width=\"120\" height=\"20\"><\/td>\n<td align=\"center\" width=\"400\" height=\"20\"><\/td>\n<\/tr>\n<tr>\n<td align=\"center\" width=\"120\" height=\"20\"><\/td>\n<td align=\"center\" width=\"400\" height=\"20\"><\/td>\n<\/tr>\n<\/tbody>\n<\/table>\n","protected":false},"excerpt":{"rendered":"<p>Datum Veranstaltung \u00a020.03. &#8211; 22.03.2020 Fr\u00fchjahrstagung: \u201eFledermaus: Stadt-Land-Fluss\u201c, Biosph\u00e4renreservatsverwaltung Karstlandschaft S\u00fcdharz, Ro\u00dfla, LK Mansfeld-S\u00fcdharz, Organisation: B. Ohlendorf und Team Arbeitskreis Flederm\u00e4use Sachsen-Anhalt e.V., max. 100 Personen, Kontakt: bernd.ohlendorf@suedharz.mule.sachsen-anhalt.de, Anmeldung bis <a class=\"more-link\" href=\"https:\/\/www.fledermauszug-deutschland.de\/index.php\/hauptmenue\/termine\/\">Weiterlesen \u2192<\/a><\/p>\n","protected":false},"author":1,"featured_media":0,"parent":229,"menu_order":2,"comment_status":"closed","ping_status":"closed","template":"","meta":{"footnotes":""},"class_list":["post-216","page","type-page","status-publish","hentry"],"_links":{"self":[{"href":"https:\/\/www.fledermauszug-deutschland.de\/index.php\/wp-json\/wp\/v2\/pages\/216","targetHints":{"allow":["GET"]}}],"collection":[{"href":"https:\/\/www.fledermauszug-deutschland.de\/index.php\/wp-json\/wp\/v2\/pages"}],"about":[{"href":"https:\/\/www.fledermauszug-deutschland.de\/index.php\/wp-json\/wp\/v2\/types\/page"}],"author":[{"embeddable":true,"href":"https:\/\/www.fledermauszug-deutschland.de\/index.php\/wp-json\/wp\/v2\/users\/1"}],"replies":[{"embeddable":true,"href":"https:\/\/www.fledermauszug-deutschland.de\/index.php\/wp-json\/wp\/v2\/comments?post=216"}],"version-history":[{"count":56,"href":"https:\/\/www.fledermauszug-deutschland.de\/index.php\/wp-json\/wp\/v2\/pages\/216\/revisions"}],"predecessor-version":[{"id":1574,"href":"https:\/\/www.fledermauszug-deutschland.de\/index.php\/wp-json\/wp\/v2\/pages\/216\/revisions\/1574"}],"up":[{"embeddable":true,"href":"https:\/\/www.fledermauszug-deutschland.de\/index.php\/wp-json\/wp\/v2\/pages\/229"}],"wp:attachment":[{"href":"https:\/\/www.fledermauszug-deutschland.de\/index.php\/wp-json\/wp\/v2\/media?parent=216"}],"curies":[{"name":"wp","href":"https:\/\/api.w.org\/{rel}","templated":true}]}}