{"id":6,"date":"2015-10-09T18:23:05","date_gmt":"2015-10-09T16:23:05","guid":{"rendered":"http:\/\/fledermauszug-deutschland.de\/?page_id=6"},"modified":"2015-12-05T11:41:08","modified_gmt":"2015-12-05T10:41:08","slug":"impressum","status":"publish","type":"page","link":"https:\/\/www.fledermauszug-deutschland.de\/index.php\/hauptmenue\/impressum\/","title":{"rendered":"Impressum"},"content":{"rendered":"<h3>Arbeitskreis Flederm\u00e4use Sachsen-Anhalt e.V.<\/h3>\n<p>Zechental 1<br \/>\nD \u2013 06536 S\u00fcdharz OT Stolberg<\/p>\n<p>Keine Abmahnung ohne vorherige Kontaktaufnahme!<\/p>\n<p>Im Falle von wettbewerbsrechtlichen, domainrechtlichen, urheberrechtlichen oder \u00e4hnlichen Problemen bitten wir Sie, uns zur Vermeidung unn\u00f6tiger Rechtsstreite und Kosten bereits im Vorfeld zu kontaktieren.<\/p>\n<p>Die Kostennote einer anwaltlichen Abmahnung ohne vorhergehende Kontaktaufnahme mit dem Arbeitskreis Flederm\u00e4use Sachsen-Anhalt e.V. wird im Sinne der Schadensminderungspflicht als unbegr\u00fcndet zur\u00fcckgewiesen!<\/p>\n<h3>Bildautoren<\/h3>\n<p>Startseite: Rauhautfledermaus:\u00a0Annette Westermann<br \/>\nStartseite: Zweifarbfledermaus: Annette Westermann<br \/>\nStartseite: Kleinabendsegler: Kathleen Kuhring<\/p>\n<p>Alle Bilder auf dieser Internetseite sind urheberrechtlich gesch\u00fctzt. Die Vervielf\u00e4ltigung ist ohne die ausdr\u00fcckliche Zustimmung der Bildautoren nicht gestattet.<\/p>\n","protected":false},"excerpt":{"rendered":"<p>Arbeitskreis Flederm\u00e4use Sachsen-Anhalt e.V. Zechental 1 D \u2013 06536 S\u00fcdharz OT Stolberg Keine Abmahnung ohne vorherige Kontaktaufnahme! Im Falle von wettbewerbsrechtlichen, domainrechtlichen, urheberrechtlichen oder \u00e4hnlichen Problemen bitten wir Sie, uns <a class=\"more-link\" href=\"https:\/\/www.fledermauszug-deutschland.de\/index.php\/hauptmenue\/impressum\/\">Weiterlesen \u2192<\/a><\/p>\n","protected":false},"author":1,"featured_media":0,"parent":229,"menu_order":6,"comment_status":"closed","ping_status":"closed","template":"","meta":{"footnotes":""},"class_list":["post-6","page","type-page","status-publish","hentry"],"_links":{"self":[{"href":"https:\/\/www.fledermauszug-deutschland.de\/index.php\/wp-json\/wp\/v2\/pages\/6","targetHints":{"allow":["GET"]}}],"collection":[{"href":"https:\/\/www.fledermauszug-deutschland.de\/index.php\/wp-json\/wp\/v2\/pages"}],"about":[{"href":"https:\/\/www.fledermauszug-deutschland.de\/index.php\/wp-json\/wp\/v2\/types\/page"}],"author":[{"embeddable":true,"href":"https:\/\/www.fledermauszug-deutschland.de\/index.php\/wp-json\/wp\/v2\/users\/1"}],"replies":[{"embeddable":true,"href":"https:\/\/www.fledermauszug-deutschland.de\/index.php\/wp-json\/wp\/v2\/comments?post=6"}],"version-history":[{"count":7,"href":"https:\/\/www.fledermauszug-deutschland.de\/index.php\/wp-json\/wp\/v2\/pages\/6\/revisions"}],"predecessor-version":[{"id":256,"href":"https:\/\/www.fledermauszug-deutschland.de\/index.php\/wp-json\/wp\/v2\/pages\/6\/revisions\/256"}],"up":[{"embeddable":true,"href":"https:\/\/www.fledermauszug-deutschland.de\/index.php\/wp-json\/wp\/v2\/pages\/229"}],"wp:attachment":[{"href":"https:\/\/www.fledermauszug-deutschland.de\/index.php\/wp-json\/wp\/v2\/media?parent=6"}],"curies":[{"name":"wp","href":"https:\/\/api.w.org\/{rel}","templated":true}]}}